{"id":321,"date":"2020-11-15T09:19:22","date_gmt":"2020-11-15T09:19:22","guid":{"rendered":"http:\/\/rt-invest.eu\/?page_id=321"},"modified":"2022-11-18T18:07:27","modified_gmt":"2022-11-18T18:07:27","slug":"radialas-uzkarinamas-birstes","status":"publish","type":"page","link":"http:\/\/rt-invest.eu\/en\/radialas-uzkarinamas-birstes\/","title":{"rendered":"Radial sweeper brushes"},"content":{"rendered":"<div data-elementor-type=\"wp-page\" data-elementor-id=\"321\" class=\"elementor elementor-321\">\n\t\t\t\t\t\t<section class=\"elementor-section elementor-top-section elementor-element elementor-element-826ade9 elementor-section-boxed elementor-section-height-default elementor-section-height-default\" data-id=\"826ade9\" data-element_type=\"section\">\n\t\t\t\t\t\t<div class=\"elementor-container elementor-column-gap-default\">\n\t\t\t\t\t<div class=\"elementor-column elementor-col-100 elementor-top-column elementor-element elementor-element-7cedff8\" data-id=\"7cedff8\" data-element_type=\"column\">\n\t\t\t<div class=\"elementor-widget-wrap elementor-element-populated\">\n\t\t\t\t\t\t<div class=\"elementor-element elementor-element-9b3b93d elementor-widget elementor-widget-ekit-nav-menu\" data-id=\"9b3b93d\" data-element_type=\"widget\" data-widget_type=\"ekit-nav-menu.default\">\n\t\t\t\t<div class=\"elementor-widget-container\">\n\t\t\t\t\t\t\t<nav class=\"ekit-wid-con ekit_menu_responsive_tablet\" \n\t\t\tdata-hamburger-icon=\"\" \n\t\t\tdata-hamburger-icon-type=\"icon\" \n\t\t\tdata-responsive-breakpoint=\"1024\">\n\t\t\t            <button class=\"elementskit-menu-hamburger elementskit-menu-toggler\"  type=\"button\" aria-label=\"hamburger-icon\">\n                                    <span class=\"elementskit-menu-hamburger-icon\"><\/span><span class=\"elementskit-menu-hamburger-icon\"><\/span><span class=\"elementskit-menu-hamburger-icon\"><\/span>\n                            <\/button>\n            <div id=\"ekit-megamenu-nav-menu\" class=\"elementskit-menu-container elementskit-menu-offcanvas-elements elementskit-navbar-nav-default ekit-nav-menu-one-page-no ekit-nav-dropdown-hover\"><ul id=\"menu-nav-menu\" class=\"elementskit-navbar-nav elementskit-menu-po-center submenu-click-on-icon\"><li id=\"menu-item-425\" class=\"menu-item menu-item-type-post_type menu-item-object-page menu-item-home menu-item-privacy-policy menu-item-425 nav-item elementskit-mobile-builder-content\" data-vertical-menu=\"750px\"><a href=\"http:\/\/rt-invest.eu\/en\/\" class=\"ekit-menu-nav-link\">Main<\/a><\/li>\n<li id=\"menu-item-704\" class=\"menu-item menu-item-type-post_type menu-item-object-page menu-item-has-children menu-item-704 nav-item elementskit-dropdown-has relative_position elementskit-dropdown-menu-default_width elementskit-mobile-builder-content\" data-vertical-menu=\"750px\"><a href=\"http:\/\/rt-invest.eu\/en\/industrialas-birstes-uzkopsanas-iekartas\/\" class=\"ekit-menu-nav-link ekit-menu-dropdown-toggle\">Industrial brushes and cleaning machines<i aria-hidden=\"true\" class=\"icon icon-down-arrow1 elementskit-submenu-indicator\"><\/i><\/a>\n<ul class=\"elementskit-dropdown elementskit-submenu-panel\">\n\t<li id=\"menu-item-427\" class=\"menu-item menu-item-type-post_type menu-item-object-page menu-item-427 nav-item elementskit-mobile-builder-content\" data-vertical-menu=\"750px\"><a href=\"http:\/\/rt-invest.eu\/en\/industrialas-birstes\/\" class=\"dropdown-item\">Industrial brushes<\/a>\t<li id=\"menu-item-747\" class=\"menu-item menu-item-type-post_type menu-item-object-page menu-item-747 nav-item elementskit-mobile-builder-content\" data-vertical-menu=\"750px\"><a href=\"http:\/\/rt-invest.eu\/en\/rezerves-dalas-iekstelpu-uzkopsanas-tehnikai\/\" class=\"dropdown-item\">Cleaning machine parts<\/a>\t<li id=\"menu-item-426\" class=\"menu-item menu-item-type-post_type menu-item-object-page menu-item-426 nav-item elementskit-mobile-builder-content\" data-vertical-menu=\"750px\"><a href=\"http:\/\/rt-invest.eu\/en\/radialas-uzkarinamas-birstes\/\" class=\"dropdown-item\">Radial sweeper brushes<\/a>\t<li id=\"menu-item-993\" class=\"menu-item menu-item-type-post_type menu-item-object-page menu-item-993 nav-item elementskit-mobile-builder-content\" data-vertical-menu=\"750px\"><a href=\"http:\/\/rt-invest.eu\/en\/birstes-komunalai-tehnikai\/\" class=\"dropdown-item\">Street sweeping brushes<\/a>\t<li id=\"menu-item-780\" class=\"menu-item menu-item-type-post_type menu-item-object-page menu-item-780 nav-item elementskit-mobile-builder-content\" data-vertical-menu=\"750px\"><a href=\"http:\/\/rt-invest.eu\/en\/trimmeru-birstes-un-rezerves-dalas\/\" class=\"dropdown-item\">Trimmer brush WeedGo<\/a>\t<li id=\"menu-item-834\" class=\"menu-item menu-item-type-post_type menu-item-object-page menu-item-834 nav-item elementskit-mobile-builder-content\" data-vertical-menu=\"750px\"><a href=\"http:\/\/rt-invest.eu\/en\/birstes-liellopiem\/\" class=\"dropdown-item\">Birstes liellopiem<\/a>\t<li id=\"menu-item-536\" class=\"menu-item menu-item-type-post_type menu-item-object-page menu-item-536 nav-item elementskit-mobile-builder-content\" data-vertical-menu=\"750px\"><a href=\"http:\/\/rt-invest.eu\/en\/birstes-un-nazi-sniega-tirisanai\/\" class=\"dropdown-item\">Snow blades and brushes<\/a>\t<li id=\"menu-item-841\" class=\"menu-item menu-item-type-post_type menu-item-object-page menu-item-841 nav-item elementskit-mobile-builder-content\" data-vertical-menu=\"750px\"><a href=\"http:\/\/rt-invest.eu\/en\/iekartas-razosanas-linijam\/\" class=\"dropdown-item\">Iek\u0101rtas ra\u017eo\u0161anas l\u012bnij\u0101m<\/a>\t<li id=\"menu-item-1009\" class=\"menu-item menu-item-type-post_type menu-item-object-page menu-item-1009 nav-item elementskit-mobile-builder-content\" data-vertical-menu=\"750px\"><a href=\"http:\/\/rt-invest.eu\/en\/sals-un-smilts-kaisitaji\/\" class=\"dropdown-item\">S\u0101ls un smilts kais\u012bt\u0101ji<\/a>\t<li id=\"menu-item-1475\" class=\"menu-item menu-item-type-post_type menu-item-object-page menu-item-1475 nav-item elementskit-mobile-builder-content\" data-vertical-menu=\"750px\"><a href=\"http:\/\/rt-invest.eu\/en\/celu-remonta-tehnika\/\" class=\"dropdown-item\">Ce\u013cu remonta tehnika<\/a><\/ul>\n<\/li>\n<li id=\"menu-item-488\" class=\"menu-item menu-item-type-post_type menu-item-object-page menu-item-488 nav-item elementskit-mobile-builder-content\" data-vertical-menu=\"750px\"><a href=\"http:\/\/rt-invest.eu\/en\/kontakti\/\" class=\"ekit-menu-nav-link\">Contacs<\/a><\/li>\n<li id=\"menu-item-1131\" class=\"menu-item menu-item-type-post_type menu-item-object-page menu-item-1131 nav-item elementskit-mobile-builder-content\" data-vertical-menu=\"750px\"><a href=\"http:\/\/rt-invest.eu\/en\/shop\/\" class=\"ekit-menu-nav-link\">Shop<\/a><\/li>\n<\/ul><div class=\"elementskit-nav-identity-panel\"><button class=\"elementskit-menu-close elementskit-menu-toggler\" type=\"button\">X<\/button><\/div><\/div>\t\t\t\n\t\t\t<div class=\"elementskit-menu-overlay elementskit-menu-offcanvas-elements elementskit-menu-toggler ekit-nav-menu--overlay\"><\/div>        <\/nav>\n\t\t\t\t\t\t<\/div>\n\t\t\t\t<\/div>\n\t\t\t\t\t<\/div>\n\t\t<\/div>\n\t\t\t\t\t<\/div>\n\t\t<\/section>\n\t\t\t\t<section class=\"elementor-section elementor-top-section elementor-element elementor-element-3228d02 elementor-section-content-middle elementor-section-boxed elementor-section-height-default elementor-section-height-default\" data-id=\"3228d02\" data-element_type=\"section\">\n\t\t\t\t\t\t<div class=\"elementor-container elementor-column-gap-no\">\n\t\t\t\t\t<div class=\"elementor-column elementor-col-33 elementor-top-column elementor-element elementor-element-27b1f30\" data-id=\"27b1f30\" data-element_type=\"column\">\n\t\t\t<div class=\"elementor-widget-wrap elementor-element-populated\">\n\t\t\t\t\t\t<div class=\"elementor-element elementor-element-fe8af47 elementor-widget elementor-widget-image\" data-id=\"fe8af47\" data-element_type=\"widget\" data-settings=\"{&quot;_animation&quot;:&quot;none&quot;}\" data-widget_type=\"image.default\">\n\t\t\t\t<div class=\"elementor-widget-container\">\n\t\t\t\t\t\t\t\t\t\t\t\t<figure class=\"wp-caption\">\n\t\t\t\t\t\t\t\t\t\t\t<a href=\"http:\/\/rt-invest.eu\/wp-content\/uploads\/2020\/11\/Datenblatt_WR_650_Akku_2019_EN.pdf\" target=\"_blank\">\n\t\t\t\t\t\t\t<img fetchpriority=\"high\" decoding=\"async\" width=\"480\" height=\"412\" src=\"https:\/\/i0.wp.com\/rt-invest.eu\/wp-content\/uploads\/2020\/11\/csm_Startbild_klein_WR650_10eb650358.jpg?fit=480%2C412&amp;ssl=1\" class=\"elementor-animation-grow attachment-large size-large wp-image-339\" alt=\"\" srcset=\"https:\/\/i0.wp.com\/rt-invest.eu\/wp-content\/uploads\/2020\/11\/csm_Startbild_klein_WR650_10eb650358.jpg?w=480&amp;ssl=1 480w, https:\/\/i0.wp.com\/rt-invest.eu\/wp-content\/uploads\/2020\/11\/csm_Startbild_klein_WR650_10eb650358.jpg?resize=300%2C258&amp;ssl=1 300w, https:\/\/i0.wp.com\/rt-invest.eu\/wp-content\/uploads\/2020\/11\/csm_Startbild_klein_WR650_10eb650358.jpg?resize=14%2C12&amp;ssl=1 14w\" sizes=\"(max-width: 480px) 100vw, 480px\" \/>\t\t\t\t\t\t\t\t<\/a>\n\t\t\t\t\t\t\t\t\t\t\t<figcaption class=\"widget-image-caption wp-caption-text\">Radi\u0101l\u0101 birste WR 650 Battery<\/figcaption>\n\t\t\t\t\t\t\t\t\t\t<\/figure>\n\t\t\t\t\t\t\t\t\t<\/div>\n\t\t\t\t<\/div>\n\t\t\t\t<div class=\"elementor-element elementor-element-4ec2d46 elementor-widget elementor-widget-image\" data-id=\"4ec2d46\" data-element_type=\"widget\" data-widget_type=\"image.default\">\n\t\t\t\t<div class=\"elementor-widget-container\">\n\t\t\t\t\t\t\t\t\t\t\t\t<figure class=\"wp-caption\">\n\t\t\t\t\t\t\t\t\t\t\t<a href=\"http:\/\/rt-invest.eu\/wp-content\/uploads\/2020\/11\/Datenblatt_WR_870er_Spezial_2019_EN.pdf\" target=\"_blank\">\n\t\t\t\t\t\t\t<img decoding=\"async\" width=\"480\" height=\"412\" src=\"https:\/\/i0.wp.com\/rt-invest.eu\/wp-content\/uploads\/2020\/11\/csm_Startbild_klein_WR870Honda_Spezial_60e936babb.jpg?fit=480%2C412&amp;ssl=1\" class=\"elementor-animation-grow attachment-medium_large size-medium_large wp-image-344\" alt=\"\" srcset=\"https:\/\/i0.wp.com\/rt-invest.eu\/wp-content\/uploads\/2020\/11\/csm_Startbild_klein_WR870Honda_Spezial_60e936babb.jpg?w=480&amp;ssl=1 480w, https:\/\/i0.wp.com\/rt-invest.eu\/wp-content\/uploads\/2020\/11\/csm_Startbild_klein_WR870Honda_Spezial_60e936babb.jpg?resize=300%2C258&amp;ssl=1 300w, https:\/\/i0.wp.com\/rt-invest.eu\/wp-content\/uploads\/2020\/11\/csm_Startbild_klein_WR870Honda_Spezial_60e936babb.jpg?resize=14%2C12&amp;ssl=1 14w\" sizes=\"(max-width: 480px) 100vw, 480px\" \/>\t\t\t\t\t\t\t\t<\/a>\n\t\t\t\t\t\t\t\t\t\t\t<figcaption class=\"widget-image-caption wp-caption-text\">Radi\u0101l\u0101 birste WR 870 Honda special<\/figcaption>\n\t\t\t\t\t\t\t\t\t\t<\/figure>\n\t\t\t\t\t\t\t\t\t<\/div>\n\t\t\t\t<\/div>\n\t\t\t\t<div class=\"elementor-element elementor-element-826642f elementor-widget elementor-widget-image\" data-id=\"826642f\" data-element_type=\"widget\" data-widget_type=\"image.default\">\n\t\t\t\t<div class=\"elementor-widget-container\">\n\t\t\t\t\t\t\t\t\t\t\t\t<figure class=\"wp-caption\">\n\t\t\t\t\t\t\t\t\t\t\t<a href=\"http:\/\/rt-invest.eu\/wp-content\/uploads\/2020\/11\/Datenblatt_CM2_PRO_2019_EN.pdf\" target=\"_blank\">\n\t\t\t\t\t\t\t<img decoding=\"async\" width=\"480\" height=\"412\" src=\"https:\/\/i0.wp.com\/rt-invest.eu\/wp-content\/uploads\/2020\/11\/csm_Startbild_klein_CM2_PRO_3d18cb6229-1.jpg?fit=480%2C412&amp;ssl=1\" class=\"elementor-animation-grow attachment-medium_large size-medium_large wp-image-399\" alt=\"\" srcset=\"https:\/\/i0.wp.com\/rt-invest.eu\/wp-content\/uploads\/2020\/11\/csm_Startbild_klein_CM2_PRO_3d18cb6229-1.jpg?w=480&amp;ssl=1 480w, https:\/\/i0.wp.com\/rt-invest.eu\/wp-content\/uploads\/2020\/11\/csm_Startbild_klein_CM2_PRO_3d18cb6229-1.jpg?resize=300%2C258&amp;ssl=1 300w, https:\/\/i0.wp.com\/rt-invest.eu\/wp-content\/uploads\/2020\/11\/csm_Startbild_klein_CM2_PRO_3d18cb6229-1.jpg?resize=14%2C12&amp;ssl=1 14w\" sizes=\"(max-width: 480px) 100vw, 480px\" \/>\t\t\t\t\t\t\t\t<\/a>\n\t\t\t\t\t\t\t\t\t\t\t<figcaption class=\"widget-image-caption wp-caption-text\">Pa\u0161g\u0101j\u0113ji<\/figcaption>\n\t\t\t\t\t\t\t\t\t\t<\/figure>\n\t\t\t\t\t\t\t\t\t<\/div>\n\t\t\t\t<\/div>\n\t\t\t\t\t<\/div>\n\t\t<\/div>\n\t\t\t\t<div class=\"elementor-column elementor-col-33 elementor-top-column elementor-element elementor-element-76eadaa\" data-id=\"76eadaa\" data-element_type=\"column\">\n\t\t\t<div class=\"elementor-widget-wrap elementor-element-populated\">\n\t\t\t\t\t\t<div class=\"elementor-element elementor-element-c721e81 elementor-widget elementor-widget-image\" data-id=\"c721e81\" data-element_type=\"widget\" data-widget_type=\"image.default\">\n\t\t\t\t<div class=\"elementor-widget-container\">\n\t\t\t\t\t\t\t\t\t\t\t\t<figure class=\"wp-caption\">\n\t\t\t\t\t\t\t\t\t\t\t<a href=\"http:\/\/rt-invest.eu\/wp-content\/uploads\/2020\/11\/Datenblatt_WR_870er_Akku_2019_EN.pdf\" target=\"_blank\">\n\t\t\t\t\t\t\t<img loading=\"lazy\" decoding=\"async\" width=\"480\" height=\"412\" src=\"https:\/\/i0.wp.com\/rt-invest.eu\/wp-content\/uploads\/2020\/11\/csm_Startbild_klein_WR870Akku_f130d91c24.jpg?fit=480%2C412&amp;ssl=1\" class=\"elementor-animation-grow attachment-large size-large wp-image-340\" alt=\"\" srcset=\"https:\/\/i0.wp.com\/rt-invest.eu\/wp-content\/uploads\/2020\/11\/csm_Startbild_klein_WR870Akku_f130d91c24.jpg?w=480&amp;ssl=1 480w, https:\/\/i0.wp.com\/rt-invest.eu\/wp-content\/uploads\/2020\/11\/csm_Startbild_klein_WR870Akku_f130d91c24.jpg?resize=300%2C258&amp;ssl=1 300w, https:\/\/i0.wp.com\/rt-invest.eu\/wp-content\/uploads\/2020\/11\/csm_Startbild_klein_WR870Akku_f130d91c24.jpg?resize=14%2C12&amp;ssl=1 14w\" sizes=\"(max-width: 480px) 100vw, 480px\" \/>\t\t\t\t\t\t\t\t<\/a>\n\t\t\t\t\t\t\t\t\t\t\t<figcaption class=\"widget-image-caption wp-caption-text\">Radi\u0101l\u0101 birste WR 870 Battery<\/figcaption>\n\t\t\t\t\t\t\t\t\t\t<\/figure>\n\t\t\t\t\t\t\t\t\t<\/div>\n\t\t\t\t<\/div>\n\t\t\t\t<div class=\"elementor-element elementor-element-7cfa973 elementor-widget elementor-widget-image\" data-id=\"7cfa973\" data-element_type=\"widget\" data-widget_type=\"image.default\">\n\t\t\t\t<div class=\"elementor-widget-container\">\n\t\t\t\t\t\t\t\t\t\t\t\t<figure class=\"wp-caption\">\n\t\t\t\t\t\t\t\t\t\t\t<a href=\"http:\/\/rt-invest.eu\/wp-content\/uploads\/2020\/11\/Datenblatt_WKB_660_Honda_2019_EN_neu.pdf\" target=\"_blank\">\n\t\t\t\t\t\t\t<img loading=\"lazy\" decoding=\"async\" width=\"470\" height=\"403\" src=\"https:\/\/i0.wp.com\/rt-invest.eu\/wp-content\/uploads\/2020\/11\/csm_Startbild_klein_WKB660Honda_NEU_2020_90a8ac77cd-e1644595956121.jpg?fit=470%2C403&amp;ssl=1\" class=\"elementor-animation-grow attachment-large size-large wp-image-338\" alt=\"\" \/>\t\t\t\t\t\t\t\t<\/a>\n\t\t\t\t\t\t\t\t\t\t\t<figcaption class=\"widget-image-caption wp-caption-text\">Radi\u0101l\u0101 birste WKB 660 Honda<\/figcaption>\n\t\t\t\t\t\t\t\t\t\t<\/figure>\n\t\t\t\t\t\t\t\t\t<\/div>\n\t\t\t\t<\/div>\n\t\t\t\t<div class=\"elementor-element elementor-element-2a40450 elementor-widget elementor-widget-image\" data-id=\"2a40450\" data-element_type=\"widget\" data-widget_type=\"image.default\">\n\t\t\t\t<div class=\"elementor-widget-container\">\n\t\t\t\t\t\t\t\t\t\t\t\t<figure class=\"wp-caption\">\n\t\t\t\t\t\t\t\t\t\t\t<a href=\"http:\/\/rt-invest.eu\/wp-content\/uploads\/2020\/11\/Datenblatt_WR_870er_Honda_2019_EN.pdf\" target=\"_blank\">\n\t\t\t\t\t\t\t<img loading=\"lazy\" decoding=\"async\" width=\"480\" height=\"412\" src=\"https:\/\/i0.wp.com\/rt-invest.eu\/wp-content\/uploads\/2020\/11\/csm_Startbild_klein_WR870Honda_04bc78a79c.jpg?fit=480%2C412&amp;ssl=1\" class=\"elementor-animation-grow attachment-large size-large wp-image-342\" alt=\"\" srcset=\"https:\/\/i0.wp.com\/rt-invest.eu\/wp-content\/uploads\/2020\/11\/csm_Startbild_klein_WR870Honda_04bc78a79c.jpg?w=480&amp;ssl=1 480w, https:\/\/i0.wp.com\/rt-invest.eu\/wp-content\/uploads\/2020\/11\/csm_Startbild_klein_WR870Honda_04bc78a79c.jpg?resize=300%2C258&amp;ssl=1 300w, https:\/\/i0.wp.com\/rt-invest.eu\/wp-content\/uploads\/2020\/11\/csm_Startbild_klein_WR870Honda_04bc78a79c.jpg?resize=14%2C12&amp;ssl=1 14w\" sizes=\"(max-width: 480px) 100vw, 480px\" \/>\t\t\t\t\t\t\t\t<\/a>\n\t\t\t\t\t\t\t\t\t\t\t<figcaption class=\"widget-image-caption wp-caption-text\">Radi\u0101l\u0101 birste WR 870 Honda<\/figcaption>\n\t\t\t\t\t\t\t\t\t\t<\/figure>\n\t\t\t\t\t\t\t\t\t<\/div>\n\t\t\t\t<\/div>\n\t\t\t\t\t<\/div>\n\t\t<\/div>\n\t\t\t\t<div class=\"elementor-column elementor-col-33 elementor-top-column elementor-element elementor-element-ed4ee51\" data-id=\"ed4ee51\" data-element_type=\"column\">\n\t\t\t<div class=\"elementor-widget-wrap elementor-element-populated\">\n\t\t\t\t\t\t<div class=\"elementor-element elementor-element-a3e1d0c elementor-widget elementor-widget-image\" data-id=\"a3e1d0c\" data-element_type=\"widget\" data-settings=\"{&quot;_animation&quot;:&quot;none&quot;}\" data-widget_type=\"image.default\">\n\t\t\t\t<div class=\"elementor-widget-container\">\n\t\t\t\t\t\t\t\t\t\t\t\t<figure class=\"wp-caption\">\n\t\t\t\t\t\t\t\t\t\t\t<a href=\"http:\/\/rt-invest.eu\/wp-content\/uploads\/2020\/11\/Datenblatt_R1200_R1400_2019_EN.pdf\" target=\"_blank\">\n\t\t\t\t\t\t\t<img loading=\"lazy\" decoding=\"async\" width=\"720\" height=\"478\" src=\"https:\/\/i0.wp.com\/rt-invest.eu\/wp-content\/uploads\/2020\/11\/ab_radialbesen_3.jpg?fit=720%2C478&amp;ssl=1\" class=\"elementor-animation-grow attachment-large size-large wp-image-333\" alt=\"\" srcset=\"https:\/\/i0.wp.com\/rt-invest.eu\/wp-content\/uploads\/2020\/11\/ab_radialbesen_3.jpg?w=720&amp;ssl=1 720w, https:\/\/i0.wp.com\/rt-invest.eu\/wp-content\/uploads\/2020\/11\/ab_radialbesen_3.jpg?resize=600%2C398&amp;ssl=1 600w, https:\/\/i0.wp.com\/rt-invest.eu\/wp-content\/uploads\/2020\/11\/ab_radialbesen_3.jpg?resize=300%2C199&amp;ssl=1 300w, https:\/\/i0.wp.com\/rt-invest.eu\/wp-content\/uploads\/2020\/11\/ab_radialbesen_3.jpg?resize=16%2C12&amp;ssl=1 16w\" sizes=\"(max-width: 720px) 100vw, 720px\" \/>\t\t\t\t\t\t\t\t<\/a>\n\t\t\t\t\t\t\t\t\t\t\t<figcaption class=\"widget-image-caption wp-caption-text\">Uzkarin\u0101m\u0101 birste ar hidraulisko piedzi\u0146u<\/figcaption>\n\t\t\t\t\t\t\t\t\t\t<\/figure>\n\t\t\t\t\t\t\t\t\t<\/div>\n\t\t\t\t<\/div>\n\t\t\t\t<div class=\"elementor-element elementor-element-35ffbbc elementor-widget elementor-widget-image\" data-id=\"35ffbbc\" data-element_type=\"widget\" data-widget_type=\"image.default\">\n\t\t\t\t<div class=\"elementor-widget-container\">\n\t\t\t\t\t\t\t\t\t\t\t\t<figure class=\"wp-caption\">\n\t\t\t\t\t\t\t\t\t\t\t<a href=\"http:\/\/rt-invest.eu\/wp-content\/uploads\/2020\/11\/Datenblatt_Optimal_1600_2019_EN.pdf\" target=\"_blank\">\n\t\t\t\t\t\t\t<img loading=\"lazy\" decoding=\"async\" width=\"476\" height=\"316\" src=\"https:\/\/i0.wp.com\/rt-invest.eu\/wp-content\/uploads\/2020\/11\/optimal1600_front.jpg?fit=476%2C316&amp;ssl=1\" class=\"elementor-animation-grow attachment-medium_large size-medium_large wp-image-346\" alt=\"\" srcset=\"https:\/\/i0.wp.com\/rt-invest.eu\/wp-content\/uploads\/2020\/11\/optimal1600_front.jpg?w=476&amp;ssl=1 476w, https:\/\/i0.wp.com\/rt-invest.eu\/wp-content\/uploads\/2020\/11\/optimal1600_front.jpg?resize=300%2C199&amp;ssl=1 300w, https:\/\/i0.wp.com\/rt-invest.eu\/wp-content\/uploads\/2020\/11\/optimal1600_front.jpg?resize=16%2C12&amp;ssl=1 16w\" sizes=\"(max-width: 476px) 100vw, 476px\" \/>\t\t\t\t\t\t\t\t<\/a>\n\t\t\t\t\t\t\t\t\t\t\t<figcaption class=\"widget-image-caption wp-caption-text\">Uzkarin\u0101m\u0101 birste ar hidraulisko piedzi\u0146u<\/figcaption>\n\t\t\t\t\t\t\t\t\t\t<\/figure>\n\t\t\t\t\t\t\t\t\t<\/div>\n\t\t\t\t<\/div>\n\t\t\t\t<div class=\"elementor-element elementor-element-37057a8 elementor-widget elementor-widget-image\" data-id=\"37057a8\" data-element_type=\"widget\" data-widget_type=\"image.default\">\n\t\t\t\t<div class=\"elementor-widget-container\">\n\t\t\t\t\t\t\t\t\t\t\t\t<figure class=\"wp-caption\">\n\t\t\t\t\t\t\t\t\t\t\t<a href=\"http:\/\/rt-invest.eu\/wp-content\/uploads\/2020\/11\/Datenblatt_Optimal_2300_2019_EN.pdf\" target=\"_blank\">\n\t\t\t\t\t\t\t<img loading=\"lazy\" decoding=\"async\" width=\"720\" height=\"479\" src=\"https:\/\/i0.wp.com\/rt-invest.eu\/wp-content\/uploads\/2020\/11\/optimal-2300_hinter-trecker_rgb-1.png?fit=720%2C479&amp;ssl=1\" class=\"elementor-animation-grow attachment-medium_large size-medium_large wp-image-384\" alt=\"\" srcset=\"https:\/\/i0.wp.com\/rt-invest.eu\/wp-content\/uploads\/2020\/11\/optimal-2300_hinter-trecker_rgb-1.png?w=720&amp;ssl=1 720w, https:\/\/i0.wp.com\/rt-invest.eu\/wp-content\/uploads\/2020\/11\/optimal-2300_hinter-trecker_rgb-1.png?resize=600%2C399&amp;ssl=1 600w, https:\/\/i0.wp.com\/rt-invest.eu\/wp-content\/uploads\/2020\/11\/optimal-2300_hinter-trecker_rgb-1.png?resize=300%2C200&amp;ssl=1 300w, https:\/\/i0.wp.com\/rt-invest.eu\/wp-content\/uploads\/2020\/11\/optimal-2300_hinter-trecker_rgb-1.png?resize=16%2C12&amp;ssl=1 16w\" sizes=\"(max-width: 720px) 100vw, 720px\" \/>\t\t\t\t\t\t\t\t<\/a>\n\t\t\t\t\t\t\t\t\t\t\t<figcaption class=\"widget-image-caption wp-caption-text\">Uzkarin\u0101m\u0101 birste ar hidraulisko piedzi\u0146u<\/figcaption>\n\t\t\t\t\t\t\t\t\t\t<\/figure>\n\t\t\t\t\t\t\t\t\t<\/div>\n\t\t\t\t<\/div>\n\t\t\t\t\t<\/div>\n\t\t<\/div>\n\t\t\t\t\t<\/div>\n\t\t<\/section>\n\t\t\t\t<section class=\"elementor-section elementor-top-section elementor-element elementor-element-5fab6b6 elementor-section-boxed elementor-section-height-default elementor-section-height-default\" data-id=\"5fab6b6\" data-element_type=\"section\">\n\t\t\t\t\t\t<div class=\"elementor-container elementor-column-gap-default\">\n\t\t\t\t\t<div class=\"elementor-column elementor-col-100 elementor-top-column elementor-element elementor-element-ba1eca6\" data-id=\"ba1eca6\" data-element_type=\"column\">\n\t\t\t<div class=\"elementor-widget-wrap elementor-element-populated\">\n\t\t\t\t\t\t<div class=\"elementor-element elementor-element-d63ef16 elementor-widget elementor-widget-text-editor\" data-id=\"d63ef16\" data-element_type=\"widget\" data-widget_type=\"text-editor.default\">\n\t\t\t\t<div class=\"elementor-widget-container\">\n\t\t\t\t\t\t\t\t\t<p>SIA &#8220;Real Tech Invest&#8221;,\u00a0 Re\u0123.Nr.40203256960, +371 26490645, info@rt-invest.eu<\/p>\t\t\t\t\t\t\t\t<\/div>\n\t\t\t\t<\/div>\n\t\t\t\t\t<\/div>\n\t\t<\/div>\n\t\t\t\t\t<\/div>\n\t\t<\/section>\n\t\t\t\t<\/div>","protected":false},"excerpt":{"rendered":"<p>S\u0101kums Industri\u0101l\u0101s birstes, uzkop\u0161anas iek\u0101rtas Birstes un na\u017ei sniega t\u012br\u012b\u0161anai Industri\u0101l\u0101s birstes Radi\u0101l\u0101s un uzkarin\u0101m\u0101s birstes Kontakti X Radi\u0101l\u0101 birste WR 650 Battery Radi\u0101l\u0101 birste WR 870 Honda special Pa\u0161g\u0101j\u0113ji Radi\u0101l\u0101 birste WR 870 Battery Radi\u0101l\u0101 birste WKB 660 Honda Radi\u0101l\u0101 birste WR 870 Honda Uzkarin\u0101m\u0101 birste ar hidraulisko piedzi\u0146u Uzkarin\u0101m\u0101 birste ar hidraulisko piedzi\u0146u [&hellip;]<\/p>","protected":false},"author":1,"featured_media":0,"parent":0,"menu_order":0,"comment_status":"closed","ping_status":"closed","template":"elementor_canvas","meta":{"ocean_post_layout":"","ocean_both_sidebars_style":"","ocean_both_sidebars_content_width":0,"ocean_both_sidebars_sidebars_width":0,"ocean_sidebar":"0","ocean_second_sidebar":"0","ocean_disable_margins":"enable","ocean_add_body_class":"","ocean_shortcode_before_top_bar":"","ocean_shortcode_after_top_bar":"","ocean_shortcode_before_header":"","ocean_shortcode_after_header":"","ocean_has_shortcode":"","ocean_shortcode_after_title":"","ocean_shortcode_before_footer_widgets":"","ocean_shortcode_after_footer_widgets":"","ocean_shortcode_before_footer_bottom":"","ocean_shortcode_after_footer_bottom":"","ocean_display_top_bar":"default","ocean_display_header":"default","ocean_header_style":"","ocean_center_header_left_menu":"0","ocean_custom_header_template":"0","ocean_custom_logo":0,"ocean_custom_retina_logo":0,"ocean_custom_logo_max_width":0,"ocean_custom_logo_tablet_max_width":0,"ocean_custom_logo_mobile_max_width":0,"ocean_custom_logo_max_height":0,"ocean_custom_logo_tablet_max_height":0,"ocean_custom_logo_mobile_max_height":0,"ocean_header_custom_menu":"0","ocean_menu_typo_font_family":"0","ocean_menu_typo_font_subset":"","ocean_menu_typo_font_size":0,"ocean_menu_typo_font_size_tablet":0,"ocean_menu_typo_font_size_mobile":0,"ocean_menu_typo_font_size_unit":"px","ocean_menu_typo_font_weight":"","ocean_menu_typo_font_weight_tablet":"","ocean_menu_typo_font_weight_mobile":"","ocean_menu_typo_transform":"","ocean_menu_typo_transform_tablet":"","ocean_menu_typo_transform_mobile":"","ocean_menu_typo_line_height":0,"ocean_menu_typo_line_height_tablet":0,"ocean_menu_typo_line_height_mobile":0,"ocean_menu_typo_line_height_unit":"","ocean_menu_typo_spacing":0,"ocean_menu_typo_spacing_tablet":0,"ocean_menu_typo_spacing_mobile":0,"ocean_menu_typo_spacing_unit":"","ocean_menu_link_color":"","ocean_menu_link_color_hover":"","ocean_menu_link_color_active":"","ocean_menu_link_background":"","ocean_menu_link_hover_background":"","ocean_menu_link_active_background":"","ocean_menu_social_links_bg":"","ocean_menu_social_hover_links_bg":"","ocean_menu_social_links_color":"","ocean_menu_social_hover_links_color":"","ocean_disable_title":"default","ocean_disable_heading":"default","ocean_post_title":"","ocean_post_subheading":"","ocean_post_title_style":"","ocean_post_title_background_color":"","ocean_post_title_background":0,"ocean_post_title_bg_image_position":"","ocean_post_title_bg_image_attachment":"","ocean_post_title_bg_image_repeat":"","ocean_post_title_bg_image_size":"","ocean_post_title_height":0,"ocean_post_title_bg_overlay":0.5,"ocean_post_title_bg_overlay_color":"","ocean_disable_breadcrumbs":"default","ocean_breadcrumbs_color":"","ocean_breadcrumbs_separator_color":"","ocean_breadcrumbs_links_color":"","ocean_breadcrumbs_links_hover_color":"","ocean_display_footer_widgets":"default","ocean_display_footer_bottom":"default","ocean_custom_footer_template":"0","footnotes":""},"class_list":["post-321","page","type-page","status-publish","hentry","entry","owp-thumbs-layout-horizontal","owp-btn-normal","owp-tabs-layout-horizontal","has-no-thumbnails","has-product-nav"],"jetpack_sharing_enabled":true,"_links":{"self":[{"href":"http:\/\/rt-invest.eu\/en\/wp-json\/wp\/v2\/pages\/321","targetHints":{"allow":["GET"]}}],"collection":[{"href":"http:\/\/rt-invest.eu\/en\/wp-json\/wp\/v2\/pages"}],"about":[{"href":"http:\/\/rt-invest.eu\/en\/wp-json\/wp\/v2\/types\/page"}],"author":[{"embeddable":true,"href":"http:\/\/rt-invest.eu\/en\/wp-json\/wp\/v2\/users\/1"}],"replies":[{"embeddable":true,"href":"http:\/\/rt-invest.eu\/en\/wp-json\/wp\/v2\/comments?post=321"}],"version-history":[{"count":74,"href":"http:\/\/rt-invest.eu\/en\/wp-json\/wp\/v2\/pages\/321\/revisions"}],"predecessor-version":[{"id":1254,"href":"http:\/\/rt-invest.eu\/en\/wp-json\/wp\/v2\/pages\/321\/revisions\/1254"}],"wp:attachment":[{"href":"http:\/\/rt-invest.eu\/en\/wp-json\/wp\/v2\/media?parent=321"}],"curies":[{"name":"wp","href":"https:\/\/api.w.org\/{rel}","templated":true}]}}