{"id":1126,"date":"2022-02-23T13:07:31","date_gmt":"2022-02-23T13:07:31","guid":{"rendered":"http:\/\/rt-invest.eu\/?post_type=product&#038;p=1126"},"modified":"2024-01-15T09:18:11","modified_gmt":"2024-01-15T09:18:11","slug":"radiala-birste-westermann-wkb330-honda","status":"publish","type":"product","link":"https:\/\/rt-invest.eu\/en\/product\/radiala-birste-westermann-wkb330-honda\/","title":{"rendered":"Radial brush Westermann WKB330 Honda"},"content":{"rendered":"<p><span class=\"Y2IQFc\" lang=\"lv\"><strong>Birstes piedzi\u0146a:<\/strong> Honda GCVx 170 OHV 4 taktu benz\u012bna dzin\u0113js <\/span><br \/>\n<span class=\"Y2IQFc\" lang=\"lv\"><strong>Lieto\u0161anas ilgums:<\/strong> nep\u0101rtraukti <\/span><br \/>\n<span class=\"Y2IQFc\" lang=\"lv\"><strong>Birste:<\/strong> 1 rot\u0113jo\u0161s ri\u0146\u0137is ar 4 tros\u012bt\u0113m <\/span><br \/>\n<span class=\"Y2IQFc\" lang=\"lv\"><strong>Darba platums:<\/strong> 330 mm <\/span><\/p>\n<p><span class=\"Y2IQFc\" lang=\"lv\"><strong>Birstes grie\u0161an\u0101s virziens<\/strong>: pa labi <\/span><br \/>\n<span class=\"Y2IQFc\" lang=\"lv\"><strong>Maks. plat\u012bbas p\u0101rkl\u0101jums:<\/strong> 900 m2\/h (atkar\u012bb\u0101 no net\u012br\u012bbas pak\u0101pes) <\/span><br \/>\n<span class=\"Y2IQFc\" lang=\"lv\"><strong>Riepas:<\/strong> putotas ar poliuret\u0101nu (ar dzi\u013co rievu lod\u012b\u0161u gultni) <\/span><br \/>\n<span class=\"Y2IQFc\" lang=\"lv\"><strong>Svars:<\/strong> apm. 45 kg <\/span><br \/>\n<span class=\"Y2IQFc\" lang=\"lv\"><strong>Piederumi:<\/strong> visaptvero\u0161s aizsargs <\/span><\/p>\n<p><strong>Cena nor\u0101d\u012bta bez PVN<\/strong><\/p>","protected":false},"excerpt":{"rendered":"<p>Birstes piedzi\u0146a: Honda GCVx 170 OHV 4 taktu benz\u012bna dzin\u0113js Lieto\u0161anas ilgums: nep\u0101rtraukti Birste: 1 rot\u0113jo\u0161s ri\u0146\u0137is ar 4 tros\u012bt\u0113m Darba platums: 330 mm Birstes grie\u0161an\u0101s virziens: pa labi Maks. plat\u012bbas p\u0101rkl\u0101jums: 900 m2\/h (atkar\u012bb\u0101 no net\u012br\u012bbas pak\u0101pes) Riepas: putotas ar poliuret\u0101nu (ar dzi\u013co rievu lod\u012b\u0161u gultni) Svars: apm. 45 kg Piederumi: visaptvero\u0161s aizsargs Cena [&hellip;]<\/p>","protected":false},"featured_media":1130,"comment_status":"open","ping_status":"closed","template":"","meta":{"ocean_post_layout":"","ocean_both_sidebars_style":"","ocean_both_sidebars_content_width":0,"ocean_both_sidebars_sidebars_width":0,"ocean_sidebar":"0","ocean_second_sidebar":"0","ocean_disable_margins":"enable","ocean_add_body_class":"","ocean_shortcode_before_top_bar":"","ocean_shortcode_after_top_bar":"","ocean_shortcode_before_header":"","ocean_shortcode_after_header":"","ocean_has_shortcode":"","ocean_shortcode_after_title":"","ocean_shortcode_before_footer_widgets":"","ocean_shortcode_after_footer_widgets":"","ocean_shortcode_before_footer_bottom":"","ocean_shortcode_after_footer_bottom":"","ocean_display_top_bar":"default","ocean_display_header":"default","ocean_header_style":"","ocean_center_header_left_menu":"0","ocean_custom_header_template":"0","ocean_custom_logo":0,"ocean_custom_retina_logo":0,"ocean_custom_logo_max_width":0,"ocean_custom_logo_tablet_max_width":0,"ocean_custom_logo_mobile_max_width":0,"ocean_custom_logo_max_height":0,"ocean_custom_logo_tablet_max_height":0,"ocean_custom_logo_mobile_max_height":0,"ocean_header_custom_menu":"0","ocean_menu_typo_font_family":"0","ocean_menu_typo_font_subset":"","ocean_menu_typo_font_size":0,"ocean_menu_typo_font_size_tablet":0,"ocean_menu_typo_font_size_mobile":0,"ocean_menu_typo_font_size_unit":"px","ocean_menu_typo_font_weight":"","ocean_menu_typo_font_weight_tablet":"","ocean_menu_typo_font_weight_mobile":"","ocean_menu_typo_transform":"","ocean_menu_typo_transform_tablet":"","ocean_menu_typo_transform_mobile":"","ocean_menu_typo_line_height":0,"ocean_menu_typo_line_height_tablet":0,"ocean_menu_typo_line_height_mobile":0,"ocean_menu_typo_line_height_unit":"","ocean_menu_typo_spacing":0,"ocean_menu_typo_spacing_tablet":0,"ocean_menu_typo_spacing_mobile":0,"ocean_menu_typo_spacing_unit":"","ocean_menu_link_color":"","ocean_menu_link_color_hover":"","ocean_menu_link_color_active":"","ocean_menu_link_background":"","ocean_menu_link_hover_background":"","ocean_menu_link_active_background":"","ocean_menu_social_links_bg":"","ocean_menu_social_hover_links_bg":"","ocean_menu_social_links_color":"","ocean_menu_social_hover_links_color":"","ocean_disable_title":"default","ocean_disable_heading":"default","ocean_post_title":"","ocean_post_subheading":"","ocean_post_title_style":"","ocean_post_title_background_color":"","ocean_post_title_background":0,"ocean_post_title_bg_image_position":"","ocean_post_title_bg_image_attachment":"","ocean_post_title_bg_image_repeat":"","ocean_post_title_bg_image_size":"","ocean_post_title_height":0,"ocean_post_title_bg_overlay":0.5,"ocean_post_title_bg_overlay_color":"","ocean_disable_breadcrumbs":"default","ocean_breadcrumbs_color":"","ocean_breadcrumbs_separator_color":"","ocean_breadcrumbs_links_color":"","ocean_breadcrumbs_links_hover_color":"","ocean_display_footer_widgets":"default","ocean_display_footer_bottom":"default","ocean_custom_footer_template":"0"},"product_brand":[],"product_cat":[29],"product_tag":[],"class_list":{"0":"post-1126","1":"product","2":"type-product","3":"status-publish","4":"has-post-thumbnail","6":"product_cat-radialas-birstes-2","8":"entry","9":"has-media","11":"first","12":"instock","13":"shipping-taxable","14":"purchasable","15":"product-type-simple","16":"has-product-nav","17":"col","18":"span_1_of_3","19":"owp-content-center","20":"owp-thumbs-layout-horizontal","21":"owp-btn-normal","22":"owp-tabs-layout-horizontal","23":"has-no-thumbnails"},"jetpack_sharing_enabled":true,"_links":{"self":[{"href":"https:\/\/rt-invest.eu\/en\/wp-json\/wp\/v2\/product\/1126","targetHints":{"allow":["GET"]}}],"collection":[{"href":"https:\/\/rt-invest.eu\/en\/wp-json\/wp\/v2\/product"}],"about":[{"href":"https:\/\/rt-invest.eu\/en\/wp-json\/wp\/v2\/types\/product"}],"replies":[{"embeddable":true,"href":"https:\/\/rt-invest.eu\/en\/wp-json\/wp\/v2\/comments?post=1126"}],"version-history":[{"count":2,"href":"https:\/\/rt-invest.eu\/en\/wp-json\/wp\/v2\/product\/1126\/revisions"}],"predecessor-version":[{"id":1133,"href":"https:\/\/rt-invest.eu\/en\/wp-json\/wp\/v2\/product\/1126\/revisions\/1133"}],"wp:featuredmedia":[{"embeddable":true,"href":"https:\/\/rt-invest.eu\/en\/wp-json\/wp\/v2\/media\/1130"}],"wp:attachment":[{"href":"https:\/\/rt-invest.eu\/en\/wp-json\/wp\/v2\/media?parent=1126"}],"wp:term":[{"taxonomy":"product_brand","embeddable":true,"href":"https:\/\/rt-invest.eu\/en\/wp-json\/wp\/v2\/product_brand?post=1126"},{"taxonomy":"product_cat","embeddable":true,"href":"https:\/\/rt-invest.eu\/en\/wp-json\/wp\/v2\/product_cat?post=1126"},{"taxonomy":"product_tag","embeddable":true,"href":"https:\/\/rt-invest.eu\/en\/wp-json\/wp\/v2\/product_tag?post=1126"}],"curies":[{"name":"wp","href":"https:\/\/api.w.org\/{rel}","templated":true}]}}